{"id":3,"date":"2025-03-12T08:13:36","date_gmt":"2025-03-12T08:13:36","guid":{"rendered":"https:\/\/leguidedesmontres.com\/fr\/?page_id=3"},"modified":"2025-07-23T09:20:53","modified_gmt":"2025-07-23T07:20:53","slug":"politique-de-confidentialite","status":"publish","type":"page","link":"https:\/\/leguidedesmontres.com\/fr\/politique-de-confidentialite\/","title":{"rendered":"Politique de confidentialit\u00e9"},"content":{"rendered":"\r\n<h2 class=\"wp-block-heading\" data-start=\"250\" data-end=\"270\">Introduction<\/h2>\r\n<p>Derni\u00e8re modification : 23\/07\/2025<\/p>\r\n<p data-start=\"272\" data-end=\"487\">La pr\u00e9sente politique de confidentialit\u00e9 d\u00e9crit comment Le Guide des Montres collecte, utilise et prot\u00e8ge les donn\u00e9es personnelles que vous nous fournissez lorsque vous utilisez notre site <a href=\"https:\/\/leguidedesmontres.com\/fr\/\">https:\/\/leguidedesmontres.com\/fr\/<\/a>.<\/p>\r\n<p data-start=\"489\" data-end=\"622\">Nous nous engageons \u00e0 prot\u00e9ger votre vie priv\u00e9e conform\u00e9ment au R\u00e8glement G\u00e9n\u00e9ral sur la Protection des Donn\u00e9es (RGPD) (UE) 2016\/679.<\/p>\r\n<p data-start=\"489\" data-end=\"622\">\u00a0<\/p>\r\n<h2 data-start=\"629\" data-end=\"662\">Responsable du traitement<\/h2>\r\n<p data-start=\"664\" data-end=\"710\">Le responsable du traitement des donn\u00e9es est :<\/p>\r\n<p data-start=\"712\" data-end=\"822\">BLUMENFELD Gr\u00e9gory<b><br \/><\/b>3 Rue DE L ALMA, 92600 ASNIERES-SUR-SEINE<br \/><span class=\"wpm_obfuscate\" style=\"display:flex;justify-content:flex-end;unicode-bidi:bidi-override;direction:rtl;\">moc.sertnomsedediugel<span style=\"display:none;\">wpm_obfuscate<\/span>&#64;tcatnoc<\/span><br data-start=\"798\" data-end=\"801\" \/>SIRET : 53336203400027<\/p>\r\n<p data-start=\"712\" data-end=\"822\">\u00a0<\/p>\r\n<h2 data-start=\"712\" data-end=\"822\">Cr\u00e9ation et maintenance du site<\/h2>\r\n<p data-start=\"712\" data-end=\"822\">Le site a \u00e9t\u00e9 con\u00e7u et est maintenu par l&rsquo;agence web <a href=\"https:\/\/french-horizon.fr\" target=\"_blank\" rel=\"noopener noreferrer nofollow\">French Horizon<\/a>. Pour toute question technique relative au site, vous pouvez contacter l&rsquo;agence via son <a href=\"https:\/\/french-horizon.fr\" target=\"_blank\" rel=\"noopener noreferrer nofollow\">site internet<\/a> ou par e-mail.<\/p>\r\n<p data-start=\"712\" data-end=\"822\"><span class=\"wpm_obfuscate\" style=\"display:flex;justify-content:flex-end;unicode-bidi:bidi-override;direction:rtl;\">rf.noziroh-hcnerf<span style=\"display:none;\">wpm_obfuscate<\/span>&#64;tcatnoc<\/span><\/p>\r\n<p data-start=\"712\" data-end=\"822\">\u00a0<\/p>\r\n<h2 data-start=\"829\" data-end=\"868\">Donn\u00e9es personnelles collect\u00e9es<\/h2>\r\n<p data-start=\"870\" data-end=\"958\">Nous collectons les donn\u00e9es suivantes lors de l\u2019utilisation du site ou lors d\u2019un achat :<\/p>\r\n<ul data-start=\"960\" data-end=\"1281\">\r\n<li data-start=\"960\" data-end=\"977\">\r\n<p data-start=\"962\" data-end=\"977\">Nom et pr\u00e9nom<\/p>\r\n<\/li>\r\n<li data-start=\"978\" data-end=\"996\">\r\n<p data-start=\"980\" data-end=\"996\">Adresse e-mail<\/p>\r\n<\/li>\r\n<li data-start=\"997\" data-end=\"1043\">\r\n<p data-start=\"999\" data-end=\"1043\">Adresse postale (facturation et livraison)<\/p>\r\n<\/li>\r\n<li data-start=\"1044\" data-end=\"1067\">\r\n<p data-start=\"1046\" data-end=\"1067\">Num\u00e9ro de t\u00e9l\u00e9phone<\/p>\r\n<\/li>\r\n<li data-start=\"1068\" data-end=\"1162\">\r\n<p data-start=\"1070\" data-end=\"1162\">Informations de paiement (transmises de mani\u00e8re s\u00e9curis\u00e9e \u00e0 notre prestataire de paiement)<\/p>\r\n<\/li>\r\n<li data-start=\"1163\" data-end=\"1191\">\r\n<p data-start=\"1165\" data-end=\"1191\">Historique des commandes<\/p>\r\n<\/li>\r\n<li data-start=\"1192\" data-end=\"1281\">\r\n<p data-start=\"1194\" data-end=\"1281\">Adresse IP, type de navigateur, donn\u00e9es de navigation (via cookies et outils d\u2019analyse)<\/p>\r\n<\/li>\r\n<\/ul>\r\n<p>&nbsp;<\/p>\r\n<h2 data-start=\"1288\" data-end=\"1319\">Finalit\u00e9s de traitement<\/h2>\r\n<p data-start=\"1321\" data-end=\"1392\">Les donn\u00e9es personnelles sont collect\u00e9es pour les finalit\u00e9s suivantes :<\/p>\r\n<ul data-start=\"1394\" data-end=\"1775\">\r\n<li data-start=\"1394\" data-end=\"1436\">\r\n<p data-start=\"1396\" data-end=\"1436\">Traitement des commandes et livraisons<\/p>\r\n<\/li>\r\n<li data-start=\"1437\" data-end=\"1496\">\r\n<p data-start=\"1439\" data-end=\"1496\">Gestion de la relation client et du service apr\u00e8s-vente<\/p>\r\n<\/li>\r\n<li data-start=\"1497\" data-end=\"1610\">\r\n<p data-start=\"1499\" data-end=\"1610\">Envoi de communications (emails de confirmation, informations de livraison, newsletter si consentement donn\u00e9)<\/p>\r\n<\/li>\r\n<li data-start=\"1497\" data-end=\"1610\">Email de demande d&rsquo;ajout d&rsquo;avis produit<\/li>\r\n<li data-start=\"1611\" data-end=\"1655\">\r\n<p data-start=\"1613\" data-end=\"1655\">Am\u00e9lioration de l\u2019exp\u00e9rience utilisateur<\/p>\r\n<\/li>\r\n<li data-start=\"1656\" data-end=\"1729\">\r\n<p data-start=\"1658\" data-end=\"1729\">Analyse statistique de la navigation (voir section Matomo ci-dessous)<\/p>\r\n<\/li>\r\n<li data-start=\"1730\" data-end=\"1775\">\r\n<p data-start=\"1732\" data-end=\"1775\">Respect des obligations l\u00e9gales et fiscales<\/p>\r\n<\/li>\r\n<\/ul>\r\n<p>&nbsp;<\/p>\r\n<h2 data-start=\"1782\" data-end=\"1815\">Base l\u00e9gale du traitement<\/h2>\r\n<p data-start=\"1817\" data-end=\"1875\">Selon le RGPD, les traitements de donn\u00e9es sont bas\u00e9s sur :<\/p>\r\n<ul data-start=\"1877\" data-end=\"2104\">\r\n<li data-start=\"1877\" data-end=\"1916\">\r\n<p data-start=\"1879\" data-end=\"1916\">L\u2019ex\u00e9cution d\u2019un contrat (commande)<\/p>\r\n<\/li>\r\n<li data-start=\"1917\" data-end=\"1958\">\r\n<p data-start=\"1919\" data-end=\"1958\">Le consentement (newsletter, cookies)<\/p>\r\n<\/li>\r\n<li data-start=\"1959\" data-end=\"2050\">\r\n<p data-start=\"1961\" data-end=\"2050\">L\u2019int\u00e9r\u00eat l\u00e9gitime (statistiques internes, s\u00e9curit\u00e9 du site, am\u00e9lioration des services)<\/p>\r\n<\/li>\r\n<li data-start=\"2051\" data-end=\"2104\">\r\n<p data-start=\"2053\" data-end=\"2104\">Les obligations l\u00e9gales (facturation, comptabilit\u00e9)<\/p>\r\n<\/li>\r\n<\/ul>\r\n<p>&nbsp;<\/p>\r\n<h2 data-start=\"2111\" data-end=\"2138\">Partage des donn\u00e9es<\/h2>\r\n<p data-start=\"2140\" data-end=\"2242\">Vos donn\u00e9es peuvent \u00eatre transmises aux prestataires suivants, dans le cadre strict de nos activit\u00e9s :<\/p>\r\n<ul data-start=\"2244\" data-end=\"2422\">\r\n<li data-start=\"2244\" data-end=\"2294\">\r\n<p data-start=\"2246\" data-end=\"2294\">Prestataires de paiement (ex : Stripe, Moolie, PayPal)<\/p>\r\n<\/li>\r\n<li data-start=\"2295\" data-end=\"2340\">\r\n<p data-start=\"2297\" data-end=\"2340\">Transporteurs (ex : La Poste, Chronopost, Mondial Relay)<\/p>\r\n<\/li>\r\n<li data-start=\"2341\" data-end=\"2358\">\r\n<p data-start=\"2343\" data-end=\"2358\">H\u00e9bergeur web<\/p>\r\n<\/li>\r\n<li data-start=\"2359\" data-end=\"2422\">\r\n<p data-start=\"2361\" data-end=\"2422\">Prestataires techniques (emailing, maintenance, statistiques)<\/p>\r\n<\/li>\r\n<\/ul>\r\n<p data-start=\"2424\" data-end=\"2520\">Transferts hors Union Europ\u00e9enne :<br \/>Certains de nos prestataires (notamment Stripe, Moolie, PayPal) peuvent h\u00e9berger vos donn\u00e9es en dehors de l&rsquo;Union Europ\u00e9enne. Dans ce cas, nous nous assurons que ces transferts sont encadr\u00e9s par des garanties appropri\u00e9es conform\u00e9ment au RGPD, notamment par le biais des clauses contractuelles types approuv\u00e9es par la Commission europ\u00e9enne ou par le m\u00e9canisme de certification Privacy Shield pour les prestataires \u00e9tablis aux \u00c9tats-Unis, lorsqu&rsquo;applicable. Vous pouvez obtenir une copie de ces garanties en nous contactant \u00e0 l&rsquo;adresse suivante : <span class=\"wpm_obfuscate\" style=\"display:flex;justify-content:flex-end;unicode-bidi:bidi-override;direction:rtl;\">moc.sertnomsedediugel<span style=\"display:none;\">wpm_obfuscate<\/span>&#64;tcatnoc<\/span><\/p>\r\n<p data-start=\"2424\" data-end=\"2520\">\u00a0<\/p>\r\n<h2 data-start=\"2527\" data-end=\"2556\">Statistiques et mesures d\u2019audience<\/h2>\r\n<p data-start=\"2558\" data-end=\"2728\">Nous utilisons <strong data-start=\"2573\" data-end=\"2583\">Matomo<\/strong>, une solution d\u2019analyse web respectueuse de la vie priv\u00e9e, h\u00e9berg\u00e9e sur nos propres serveurs en France.<\/p>\r\n<p data-start=\"2730\" data-end=\"2850\">Matomo nous permet de mesurer l\u2019audience de notre site de mani\u00e8re anonyme. Les donn\u00e9es collect\u00e9es \u00e0 cette fin incluent :<\/p>\r\n<ul data-start=\"2852\" data-end=\"3020\">\r\n<li data-start=\"2852\" data-end=\"2879\">\r\n<p data-start=\"2854\" data-end=\"2879\">L\u2019adresse IP anonymis\u00e9e<\/p>\r\n<\/li>\r\n<li data-start=\"2880\" data-end=\"2902\">\r\n<p data-start=\"2882\" data-end=\"2902\">Les pages visit\u00e9es<\/p>\r\n<\/li>\r\n<li data-start=\"2903\" data-end=\"2928\">\r\n<p data-start=\"2905\" data-end=\"2928\">La dur\u00e9e de la visite<\/p>\r\n<\/li>\r\n<li data-start=\"2929\" data-end=\"2977\">\r\n<p data-start=\"2931\" data-end=\"2977\">Le type de navigateur et de terminal utilis\u00e9<\/p>\r\n<\/li>\r\n<li data-start=\"2978\" data-end=\"3020\">\r\n<p data-start=\"2980\" data-end=\"3020\">La provenance g\u00e9ographique approximative<\/p>\r\n<\/li>\r\n<\/ul>\r\n<p data-start=\"3022\" data-end=\"3048\"><strong data-start=\"3022\" data-end=\"3048\">Conform\u00e9ment au RGPD :<\/strong><\/p>\r\n<ul data-start=\"3050\" data-end=\"3304\">\r\n<li data-start=\"3050\" data-end=\"3102\">\r\n<p data-start=\"3052\" data-end=\"3102\">Les adresses IP sont automatiquement anonymis\u00e9es<\/p>\r\n<\/li>\r\n<li data-start=\"3103\" data-end=\"3164\">\r\n<p data-start=\"3105\" data-end=\"3164\">Les donn\u00e9es collect\u00e9es ne sont pas transmises \u00e0 des tiers<\/p>\r\n<\/li>\r\n<li data-start=\"3165\" data-end=\"3252\">\r\n<p data-start=\"3167\" data-end=\"3252\">Les cookies ne sont d\u00e9pos\u00e9s qu\u2019avec votre consentement explicite (banni\u00e8re cookies)<\/p>\r\n<\/li>\r\n<li data-start=\"3253\" data-end=\"3304\">\r\n<p data-start=\"3255\" data-end=\"3304\">Vous pouvez vous opposer \u00e0 ce suivi \u00e0 tout moment<\/p>\r\n<\/li>\r\n<\/ul>\r\n<p>&nbsp;<\/p>\r\n<h2 data-start=\"3399\" data-end=\"3428\">Dur\u00e9e de conservation<\/h2>\r\n<p data-start=\"3430\" data-end=\"3459\">Nous conservons les donn\u00e9es :<\/p>\r\n<ul data-start=\"3461\" data-end=\"3665\">\r\n<li data-start=\"3461\" data-end=\"3517\">\r\n<p>Donn\u00e9es de compte client : Pendant toute la dur\u00e9e de votre relation commerciale avec nous, puis 3 ans \u00e0 compter de votre derni\u00e8re activit\u00e9<\/p>\r\n<\/li>\r\n<li data-start=\"3461\" data-end=\"3517\">\r\n<p>Donn\u00e9es li\u00e9es aux commandes et factures : 10 ans (obligations comptables et fiscales)*<\/p>\r\n<\/li>\r\n<li data-start=\"3461\" data-end=\"3517\">\r\n<p>Coordonn\u00e9es utilis\u00e9es pour la prospection commerciale : 3 ans \u00e0 compter de la fin de la relation commerciale ou du dernier contact<\/p>\r\n<\/li>\r\n<li data-start=\"3461\" data-end=\"3517\">\r\n<p>Pour la newsletter : jusqu&rsquo;\u00e0 d\u00e9sinscription<\/p>\r\n<\/li>\r\n<li data-start=\"3461\" data-end=\"3517\">\r\n<p>Donn\u00e9es de connexion et statistiques via Matomo : 13 mois<\/p>\r\n<\/li>\r\n<li data-start=\"3461\" data-end=\"3517\">\r\n<p>Cookies : 13 mois maximum<br \/><br \/>Au terme de ces p\u00e9riodes, vos donn\u00e9es sont soit supprim\u00e9es, soit anonymis\u00e9es de mani\u00e8re irr\u00e9versible.<\/p>\r\n<\/li>\r\n<\/ul>\r\n<p>&nbsp;<\/p>\r\n<h2 data-start=\"3672\" data-end=\"3690\">Vos droits<\/h2>\r\n<p data-start=\"3692\" data-end=\"3727\">Vous disposez des droits suivants :<\/p>\r\n<ul data-start=\"3729\" data-end=\"3970\">\r\n<li data-start=\"3729\" data-end=\"3760\">\r\n<p data-start=\"3731\" data-end=\"3760\">Droit d\u2019acc\u00e8s \u00e0 vos donn\u00e9es<\/p>\r\n<\/li>\r\n<li data-start=\"3761\" data-end=\"3787\">\r\n<p data-start=\"3763\" data-end=\"3787\">Droit de rectification<\/p>\r\n<\/li>\r\n<li data-start=\"3788\" data-end=\"3851\">\r\n<p data-start=\"3790\" data-end=\"3851\">Droit d\u2019effacement (dans la limite des obligations l\u00e9gales)<\/p>\r\n<\/li>\r\n<li data-start=\"3852\" data-end=\"3891\">\r\n<p data-start=\"3854\" data-end=\"3891\">Droit d\u2019opposition ou de limitation<\/p>\r\n<\/li>\r\n<li data-start=\"3892\" data-end=\"3918\">\r\n<p data-start=\"3894\" data-end=\"3918\">Droit \u00e0 la portabilit\u00e9<\/p>\r\n<\/li>\r\n<li data-start=\"3919\" data-end=\"3970\">\r\n<p data-start=\"3921\" data-end=\"3970\">Droit de retirer votre consentement \u00e0 tout moment<\/p>\r\n<\/li>\r\n<\/ul>\r\n<p>Pour exercer vos droits, contactez-nous \u00e0 : <span class=\"wpm_obfuscate\" style=\"display:flex;justify-content:flex-end;unicode-bidi:bidi-override;direction:rtl;\">moc.sertnomsedediugel<span style=\"display:none;\">wpm_obfuscate<\/span>&#64;tcatnoc<\/span><\/p>\r\n<p>Nous nous engageons \u00e0 r\u00e9pondre \u00e0 toute demande dans un d\u00e9lai d&rsquo;un mois maximum. Ce d\u00e9lai peut \u00eatre prolong\u00e9 de deux mois suppl\u00e9mentaires en cas de demande complexe ou de volume important de demandes, auquel cas nous vous informerons de cette prolongation et de ses motifs.<\/p>\r\n<p data-start=\"4037\" data-end=\"4125\">Vous avez \u00e9galement le droit de d\u00e9poser une r\u00e9clamation aupr\u00e8s de la CNIL : <a class=\"\" href=\"http:\/\/www.cnil.fr\" target=\"_blank\" rel=\"noopener\" data-start=\"4113\" data-end=\"4124\">www.cnil.fr<\/a>.<\/p>\r\n<p data-start=\"4037\" data-end=\"4125\">\u00a0<\/p>\r\n<h2 data-start=\"4037\" data-end=\"4125\">D\u00e9l\u00e9gu\u00e9 \u00e0 la Protection des Donn\u00e9es<\/h2>\r\n<p>Esopassion a d\u00e9sign\u00e9 un D\u00e9l\u00e9gu\u00e9 \u00e0 la Protection des Donn\u00e9es (DPO). Pour toute question relative \u00e0 la protection de vos donn\u00e9es, vous pouvez contacter directement le responsable de traitement aux coordonn\u00e9es indiqu\u00e9es au d\u00e9but de cette politique.<\/p>\r\n<p>&nbsp;<\/p>\r\n<h2 data-start=\"4132\" data-end=\"4148\">Cookies<\/h2>\r\n<p data-start=\"4150\" data-end=\"4337\">Notre site utilise des cookies \u00e0 des fins de fonctionnement, d\u2019analyse et de personnalisation. Lors de votre premi\u00e8re visite, un bandeau vous informe et vous pouvez g\u00e9rer vos pr\u00e9f\u00e9rences.<\/p>\r\n<p data-start=\"4339\" data-end=\"4420\">Pour plus de d\u00e9tails, consultez notre Politique de cookies.<\/p>\r\n<p data-start=\"4339\" data-end=\"4420\">\u00a0<\/p>\r\n<h2 data-start=\"4339\" data-end=\"4420\">Source des donn\u00e9es<\/h2>\r\n<p>Les donn\u00e9es personnelles que nous traitons sont principalement celles que vous nous fournissez directement lors de vos interactions avec notre site (cr\u00e9ation de compte, commandes, formulaires de contact).<\/p>\r\n<p>Nous ne collectons pas de donn\u00e9es aupr\u00e8s de sources externes ou de tiers, \u00e0 l&rsquo;exception des donn\u00e9es techniques de navigation collect\u00e9es via les cookies et les outils d&rsquo;analyse avec votre consentement.<\/p>\r\n<p>&nbsp;<\/p>\r\n<h2 data-start=\"4427\" data-end=\"4456\">S\u00e9curit\u00e9 des donn\u00e9es<\/h2>\r\n<p data-start=\"4458\" data-end=\"4631\">Nous mettons en \u0153uvre des mesures techniques et organisationnelles appropri\u00e9es pour garantir la s\u00e9curit\u00e9 de vos donn\u00e9es (certificat SSL, acc\u00e8s restreint, sauvegardes, par-feu, etc.).<\/p>\r\n<p data-start=\"4458\" data-end=\"4631\">\u00a0<\/p>\r\n<h2 data-start=\"4638\" data-end=\"4660\">Modifications<\/h2>\r\n<p data-start=\"4662\" data-end=\"4791\">Nous pouvons mettre \u00e0 jour cette politique. En cas de modification majeure, nous vous en informerons via notre site ou par email.<\/p>","protected":false},"excerpt":{"rendered":"<p>Introduction Derni\u00e8re modification : 23\/07\/2025 La pr\u00e9sente politique de confidentialit\u00e9 d\u00e9crit comment Le Guide des Montres collecte, utilise et prot\u00e8ge<\/p>\n","protected":false},"author":1,"featured_media":0,"parent":0,"menu_order":0,"comment_status":"closed","ping_status":"open","template":"elementor_header_footer","meta":{"_acf_changed":false,"footnotes":""},"class_list":["post-3","page","type-page","status-publish","hentry"],"acf":[],"_links":{"self":[{"href":"https:\/\/leguidedesmontres.com\/fr\/wp-json\/wp\/v2\/pages\/3","targetHints":{"allow":["GET"]}}],"collection":[{"href":"https:\/\/leguidedesmontres.com\/fr\/wp-json\/wp\/v2\/pages"}],"about":[{"href":"https:\/\/leguidedesmontres.com\/fr\/wp-json\/wp\/v2\/types\/page"}],"author":[{"embeddable":true,"href":"https:\/\/leguidedesmontres.com\/fr\/wp-json\/wp\/v2\/users\/1"}],"replies":[{"embeddable":true,"href":"https:\/\/leguidedesmontres.com\/fr\/wp-json\/wp\/v2\/comments?post=3"}],"version-history":[{"count":2,"href":"https:\/\/leguidedesmontres.com\/fr\/wp-json\/wp\/v2\/pages\/3\/revisions"}],"predecessor-version":[{"id":18704,"href":"https:\/\/leguidedesmontres.com\/fr\/wp-json\/wp\/v2\/pages\/3\/revisions\/18704"}],"wp:attachment":[{"href":"https:\/\/leguidedesmontres.com\/fr\/wp-json\/wp\/v2\/media?parent=3"}],"curies":[{"name":"wp","href":"https:\/\/api.w.org\/{rel}","templated":true}]}}